{"id":1422,"date":"2025-07-04T15:14:47","date_gmt":"2025-07-04T19:14:47","guid":{"rendered":"https:\/\/novadba.com\/newsletter-signup\/"},"modified":"2025-11-16T13:33:06","modified_gmt":"2025-11-16T18:33:06","slug":"inscription-infolettre","status":"publish","type":"page","link":"https:\/\/novadba.com\/fr\/inscription-infolettre\/","title":{"rendered":"Inscription \u00e0 l&rsquo;infolettre"},"content":{"rendered":"\n<h2 class=\"wp-block-heading\">Restez \u00e0 l&rsquo;aff\u00fbt avec l&rsquo;infolettre Nova DBA Update<\/h2>\n\n\n\n<p>C&rsquo;est pourquoi nous avons cr\u00e9\u00e9 la <strong>Nova DBA Update<\/strong>, une lettre d&rsquo;information mensuelle con\u00e7ue pour vous informer, vous connecter et vous soutenir. Que vous soyez un client de longue date ou simplement curieux de savoir sur quoi nous travaillons, c&rsquo;est ici que nous partageons ce qui est nouveau, ce qui fonctionne, et comment nous aidons des organisations comme la v\u00f4tre \u00e0 tirer le meilleur parti de leurs environnements de donn\u00e9es.<\/p>\n\n\n\n<p><strong>\u00c0 quoi vous attendre ?<\/strong> Chaque mois, je partagerai un m\u00e9lange d&rsquo;informations et de mises \u00e0 jour pour vous aider \u00e0 garder une longueur d&rsquo;avance, sans vous prendre trop de temps.<\/p>\n\n\n\n<p><strong>Vous y trouverez<\/strong> :<\/p>\n\n\n\n<ul class=\"wp-block-list\">\n<li>Des conseils pratiques sur la gestion des bases de donn\u00e9es, du cloud et des environnements hybrides<\/li>\n\n\n\n<li>Des t\u00e9moignages concrets de clients qui ont relev\u00e9 des d\u00e9fis complexes<\/li>\n\n\n\n<li>Un aper\u00e7u de ce que notre \u00e9quipe s&rsquo;efforce de r\u00e9soudre ce mois-ci<\/li>\n\n\n\n<li>Des mises \u00e0 jour sur les nouveaux services, outils et am\u00e9liorations<\/li>\n\n\n\n<li>Des pr\u00e9sentations des personnes et des id\u00e9es qui fa\u00e7onnent l&rsquo;avenir de Nova DBA<\/li>\n\n\n\n<li>Et la question occasionnelle d&rsquo;un client qui m\u00e9rite une r\u00e9ponse pour tout le monde<\/li>\n<\/ul>\n\n\n\n<p>C&rsquo;est un regard rapide et honn\u00eate sur ce que nous construisons, ce que nous apprenons et comment nous travaillons pour \u00eatre le partenaire en qui vous avez le plus confiance pour vos donn\u00e9es.<\/p>\n","protected":false},"excerpt":{"rendered":"<p>Restez \u00e0 l&rsquo;aff\u00fbt avec l&rsquo;infolettre Nova DBA Update C&rsquo;est pourquoi nous avons cr\u00e9\u00e9 la Nova DBA Update, une lettre d&rsquo;information mensuelle con\u00e7ue pour vous informer, vous connecter et vous soutenir. Que vous soyez un client de longue date ou simplement curieux de savoir sur quoi nous travaillons, c&rsquo;est ici que nous partageons ce qui est [&hellip;]<\/p>\n","protected":false},"author":1,"featured_media":1418,"parent":0,"menu_order":0,"comment_status":"closed","ping_status":"closed","template":"page-templates\/page-generic.php","meta":{"_acf_changed":false,"footnotes":""},"class_list":["post-1422","page","type-page","status-publish","has-post-thumbnail","hentry"],"acf":[],"yoast_head":"<!-- This site is optimized with the Yoast SEO Premium plugin v27.3 (Yoast SEO v27.3) - https:\/\/yoast.com\/product\/yoast-seo-premium-wordpress\/ -->\n<title>Nova DBA Update | L\u2019infolettre pour optimiser vos donn\u00e9es<\/title>\n<meta name=\"description\" content=\"Inscrivez-vous \u00e0 notre infolettre et recevez chaque mois, conseils de nos experts, d\u00e9fis relev\u00e9s par nos clients et nouveaut\u00e9s Nova DBA.\" \/>\n<meta name=\"robots\" content=\"index, follow, max-snippet:-1, max-image-preview:large, max-video-preview:-1\" \/>\n<link rel=\"canonical\" href=\"https:\/\/novadba.com\/fr\/inscription-infolettre\/\" \/>\n<meta property=\"og:locale\" content=\"fr_CA\" \/>\n<meta property=\"og:type\" content=\"article\" \/>\n<meta property=\"og:title\" content=\"Inscription \u00e0 l&#039;infolettre\" \/>\n<meta property=\"og:description\" content=\"Inscrivez-vous \u00e0 notre infolettre et recevez chaque mois, conseils de nos experts, d\u00e9fis relev\u00e9s par nos clients et nouveaut\u00e9s Nova DBA.\" \/>\n<meta property=\"og:url\" content=\"https:\/\/novadba.com\/fr\/inscription-infolettre\/\" \/>\n<meta property=\"og:site_name\" content=\"Nova DBA\" \/>\n<meta property=\"article:publisher\" content=\"https:\/\/www.facebook.com\/novadba\" \/>\n<meta property=\"article:modified_time\" content=\"2025-11-16T18:33:06+00:00\" \/>\n<meta property=\"og:image\" content=\"https:\/\/novadba.com\/wp-content\/uploads\/2025\/07\/computer-hands.jpg\" \/>\n\t<meta property=\"og:image:width\" content=\"1920\" \/>\n\t<meta property=\"og:image:height\" content=\"500\" \/>\n\t<meta property=\"og:image:type\" content=\"image\/jpeg\" \/>\n<meta name=\"twitter:card\" content=\"summary_large_image\" \/>\n<meta name=\"twitter:label1\" content=\"Estimation du temps de lecture\" \/>\n\t<meta name=\"twitter:data1\" content=\"2 minutes\" \/>\n<script type=\"application\/ld+json\" class=\"yoast-schema-graph\">{\"@context\":\"https:\\\/\\\/schema.org\",\"@graph\":[{\"@type\":\"WebPage\",\"@id\":\"https:\\\/\\\/novadba.com\\\/fr\\\/inscription-infolettre\\\/\",\"url\":\"https:\\\/\\\/novadba.com\\\/fr\\\/inscription-infolettre\\\/\",\"name\":\"Nova DBA Update | L\u2019infolettre pour optimiser vos donn\u00e9es\",\"isPartOf\":{\"@id\":\"https:\\\/\\\/novadba.com\\\/fr\\\/#website\"},\"primaryImageOfPage\":{\"@id\":\"https:\\\/\\\/novadba.com\\\/fr\\\/inscription-infolettre\\\/#primaryimage\"},\"image\":{\"@id\":\"https:\\\/\\\/novadba.com\\\/fr\\\/inscription-infolettre\\\/#primaryimage\"},\"thumbnailUrl\":\"https:\\\/\\\/novadba.com\\\/wp-content\\\/uploads\\\/2025\\\/07\\\/computer-hands.jpg\",\"datePublished\":\"2025-07-04T19:14:47+00:00\",\"dateModified\":\"2025-11-16T18:33:06+00:00\",\"description\":\"Inscrivez-vous \u00e0 notre infolettre et recevez chaque mois, conseils de nos experts, d\u00e9fis relev\u00e9s par nos clients et nouveaut\u00e9s Nova DBA.\",\"breadcrumb\":{\"@id\":\"https:\\\/\\\/novadba.com\\\/fr\\\/inscription-infolettre\\\/#breadcrumb\"},\"inLanguage\":\"fr-CA\",\"potentialAction\":[{\"@type\":\"ReadAction\",\"target\":[\"https:\\\/\\\/novadba.com\\\/fr\\\/inscription-infolettre\\\/\"]}]},{\"@type\":\"ImageObject\",\"inLanguage\":\"fr-CA\",\"@id\":\"https:\\\/\\\/novadba.com\\\/fr\\\/inscription-infolettre\\\/#primaryimage\",\"url\":\"https:\\\/\\\/novadba.com\\\/wp-content\\\/uploads\\\/2025\\\/07\\\/computer-hands.jpg\",\"contentUrl\":\"https:\\\/\\\/novadba.com\\\/wp-content\\\/uploads\\\/2025\\\/07\\\/computer-hands.jpg\",\"width\":1920,\"height\":500,\"caption\":\"Newsletter\"},{\"@type\":\"BreadcrumbList\",\"@id\":\"https:\\\/\\\/novadba.com\\\/fr\\\/inscription-infolettre\\\/#breadcrumb\",\"itemListElement\":[{\"@type\":\"ListItem\",\"position\":1,\"name\":\"Home\",\"item\":\"https:\\\/\\\/novadba.com\\\/fr\\\/\"},{\"@type\":\"ListItem\",\"position\":2,\"name\":\"Inscription \u00e0 l&#8217;infolettre\"}]},{\"@type\":\"WebSite\",\"@id\":\"https:\\\/\\\/novadba.com\\\/fr\\\/#website\",\"url\":\"https:\\\/\\\/novadba.com\\\/fr\\\/\",\"name\":\"Nova DBA\",\"description\":\"Services de bases de donn\u00e9es\",\"publisher\":{\"@id\":\"https:\\\/\\\/novadba.com\\\/fr\\\/#organization\"},\"potentialAction\":[{\"@type\":\"SearchAction\",\"target\":{\"@type\":\"EntryPoint\",\"urlTemplate\":\"https:\\\/\\\/novadba.com\\\/fr\\\/?s={search_term_string}\"},\"query-input\":{\"@type\":\"PropertyValueSpecification\",\"valueRequired\":true,\"valueName\":\"search_term_string\"}}],\"inLanguage\":\"fr-CA\"},{\"@type\":\"Organization\",\"@id\":\"https:\\\/\\\/novadba.com\\\/fr\\\/#organization\",\"name\":\"Nova DBA\",\"url\":\"https:\\\/\\\/novadba.com\\\/fr\\\/\",\"logo\":{\"@type\":\"ImageObject\",\"inLanguage\":\"fr-CA\",\"@id\":\"https:\\\/\\\/novadba.com\\\/fr\\\/#\\\/schema\\\/logo\\\/image\\\/\",\"url\":\"https:\\\/\\\/novadba.com\\\/wp-content\\\/uploads\\\/2025\\\/11\\\/novadba.jpg\",\"contentUrl\":\"https:\\\/\\\/novadba.com\\\/wp-content\\\/uploads\\\/2025\\\/11\\\/novadba.jpg\",\"width\":696,\"height\":696,\"caption\":\"Nova DBA\"},\"image\":{\"@id\":\"https:\\\/\\\/novadba.com\\\/fr\\\/#\\\/schema\\\/logo\\\/image\\\/\"},\"sameAs\":[\"https:\\\/\\\/www.facebook.com\\\/novadba\",\"https:\\\/\\\/www.linkedin.com\\\/company\\\/novadba\\\/\"],\"description\":\"Nova DBA helps organizations unlock the full potential of their data\u2014empowering innovation, ensuring resilience, and enabling smarter decisions.\",\"email\":\"novadba_website@novadba.com\",\"telephone\":\"1-888-511-6591\",\"legalName\":\"Nova DBA\",\"naics\":\"541511\",\"numberOfEmployees\":{\"@type\":\"QuantitativeValue\",\"minValue\":\"11\",\"maxValue\":\"50\"},\"correctionsPolicy\":\"https:\\\/\\\/novadba.com\\\/privacy-policy\\\/\",\"ethicsPolicy\":\"https:\\\/\\\/novadba.com\\\/privacy-policy\\\/\",\"diversityPolicy\":\"https:\\\/\\\/novadba.com\\\/privacy-policy\\\/\"}]}<\/script>\n<!-- \/ Yoast SEO Premium plugin. -->","yoast_head_json":{"title":"Nova DBA Update | L\u2019infolettre pour optimiser vos donn\u00e9es","description":"Inscrivez-vous \u00e0 notre infolettre et recevez chaque mois, conseils de nos experts, d\u00e9fis relev\u00e9s par nos clients et nouveaut\u00e9s Nova DBA.","robots":{"index":"index","follow":"follow","max-snippet":"max-snippet:-1","max-image-preview":"max-image-preview:large","max-video-preview":"max-video-preview:-1"},"canonical":"https:\/\/novadba.com\/fr\/inscription-infolettre\/","og_locale":"fr_CA","og_type":"article","og_title":"Inscription \u00e0 l'infolettre","og_description":"Inscrivez-vous \u00e0 notre infolettre et recevez chaque mois, conseils de nos experts, d\u00e9fis relev\u00e9s par nos clients et nouveaut\u00e9s Nova DBA.","og_url":"https:\/\/novadba.com\/fr\/inscription-infolettre\/","og_site_name":"Nova DBA","article_publisher":"https:\/\/www.facebook.com\/novadba","article_modified_time":"2025-11-16T18:33:06+00:00","og_image":[{"width":1920,"height":500,"url":"https:\/\/novadba.com\/wp-content\/uploads\/2025\/07\/computer-hands.jpg","type":"image\/jpeg"}],"twitter_card":"summary_large_image","twitter_misc":{"Estimation du temps de lecture":"2 minutes"},"schema":{"@context":"https:\/\/schema.org","@graph":[{"@type":"WebPage","@id":"https:\/\/novadba.com\/fr\/inscription-infolettre\/","url":"https:\/\/novadba.com\/fr\/inscription-infolettre\/","name":"Nova DBA Update | L\u2019infolettre pour optimiser vos donn\u00e9es","isPartOf":{"@id":"https:\/\/novadba.com\/fr\/#website"},"primaryImageOfPage":{"@id":"https:\/\/novadba.com\/fr\/inscription-infolettre\/#primaryimage"},"image":{"@id":"https:\/\/novadba.com\/fr\/inscription-infolettre\/#primaryimage"},"thumbnailUrl":"https:\/\/novadba.com\/wp-content\/uploads\/2025\/07\/computer-hands.jpg","datePublished":"2025-07-04T19:14:47+00:00","dateModified":"2025-11-16T18:33:06+00:00","description":"Inscrivez-vous \u00e0 notre infolettre et recevez chaque mois, conseils de nos experts, d\u00e9fis relev\u00e9s par nos clients et nouveaut\u00e9s Nova DBA.","breadcrumb":{"@id":"https:\/\/novadba.com\/fr\/inscription-infolettre\/#breadcrumb"},"inLanguage":"fr-CA","potentialAction":[{"@type":"ReadAction","target":["https:\/\/novadba.com\/fr\/inscription-infolettre\/"]}]},{"@type":"ImageObject","inLanguage":"fr-CA","@id":"https:\/\/novadba.com\/fr\/inscription-infolettre\/#primaryimage","url":"https:\/\/novadba.com\/wp-content\/uploads\/2025\/07\/computer-hands.jpg","contentUrl":"https:\/\/novadba.com\/wp-content\/uploads\/2025\/07\/computer-hands.jpg","width":1920,"height":500,"caption":"Newsletter"},{"@type":"BreadcrumbList","@id":"https:\/\/novadba.com\/fr\/inscription-infolettre\/#breadcrumb","itemListElement":[{"@type":"ListItem","position":1,"name":"Home","item":"https:\/\/novadba.com\/fr\/"},{"@type":"ListItem","position":2,"name":"Inscription \u00e0 l&#8217;infolettre"}]},{"@type":"WebSite","@id":"https:\/\/novadba.com\/fr\/#website","url":"https:\/\/novadba.com\/fr\/","name":"Nova DBA","description":"Services de bases de donn\u00e9es","publisher":{"@id":"https:\/\/novadba.com\/fr\/#organization"},"potentialAction":[{"@type":"SearchAction","target":{"@type":"EntryPoint","urlTemplate":"https:\/\/novadba.com\/fr\/?s={search_term_string}"},"query-input":{"@type":"PropertyValueSpecification","valueRequired":true,"valueName":"search_term_string"}}],"inLanguage":"fr-CA"},{"@type":"Organization","@id":"https:\/\/novadba.com\/fr\/#organization","name":"Nova DBA","url":"https:\/\/novadba.com\/fr\/","logo":{"@type":"ImageObject","inLanguage":"fr-CA","@id":"https:\/\/novadba.com\/fr\/#\/schema\/logo\/image\/","url":"https:\/\/novadba.com\/wp-content\/uploads\/2025\/11\/novadba.jpg","contentUrl":"https:\/\/novadba.com\/wp-content\/uploads\/2025\/11\/novadba.jpg","width":696,"height":696,"caption":"Nova DBA"},"image":{"@id":"https:\/\/novadba.com\/fr\/#\/schema\/logo\/image\/"},"sameAs":["https:\/\/www.facebook.com\/novadba","https:\/\/www.linkedin.com\/company\/novadba\/"],"description":"Nova DBA helps organizations unlock the full potential of their data\u2014empowering innovation, ensuring resilience, and enabling smarter decisions.","email":"novadba_website@novadba.com","telephone":"1-888-511-6591","legalName":"Nova DBA","naics":"541511","numberOfEmployees":{"@type":"QuantitativeValue","minValue":"11","maxValue":"50"},"correctionsPolicy":"https:\/\/novadba.com\/privacy-policy\/","ethicsPolicy":"https:\/\/novadba.com\/privacy-policy\/","diversityPolicy":"https:\/\/novadba.com\/privacy-policy\/"}]}},"_links":{"self":[{"href":"https:\/\/novadba.com\/fr\/wp-json\/wp\/v2\/pages\/1422","targetHints":{"allow":["GET"]}}],"collection":[{"href":"https:\/\/novadba.com\/fr\/wp-json\/wp\/v2\/pages"}],"about":[{"href":"https:\/\/novadba.com\/fr\/wp-json\/wp\/v2\/types\/page"}],"author":[{"embeddable":true,"href":"https:\/\/novadba.com\/fr\/wp-json\/wp\/v2\/users\/1"}],"replies":[{"embeddable":true,"href":"https:\/\/novadba.com\/fr\/wp-json\/wp\/v2\/comments?post=1422"}],"version-history":[{"count":1,"href":"https:\/\/novadba.com\/fr\/wp-json\/wp\/v2\/pages\/1422\/revisions"}],"predecessor-version":[{"id":1423,"href":"https:\/\/novadba.com\/fr\/wp-json\/wp\/v2\/pages\/1422\/revisions\/1423"}],"wp:featuredmedia":[{"embeddable":true,"href":"https:\/\/novadba.com\/fr\/wp-json\/wp\/v2\/media\/1418"}],"wp:attachment":[{"href":"https:\/\/novadba.com\/fr\/wp-json\/wp\/v2\/media?parent=1422"}],"curies":[{"name":"wp","href":"https:\/\/api.w.org\/{rel}","templated":true}]}}