{"id":1753,"date":"2025-11-11T15:27:42","date_gmt":"2025-11-11T20:27:42","guid":{"rendered":"https:\/\/novadba.com\/?page_id=1753"},"modified":"2025-11-16T14:20:09","modified_gmt":"2025-11-16T19:20:09","slug":"politique-de-confidentialite","status":"publish","type":"page","link":"https:\/\/novadba.com\/fr\/politique-de-confidentialite\/","title":{"rendered":"Politique de confidentialit\u00e9"},"content":{"rendered":"\n<p>Nous avons revu nos pratiques en mati\u00e8re de confidentialit\u00e9. L&rsquo;objectif ? Veiller \u00e0 ce que les renseignements personnels que nous recueillons soient trait\u00e9s avec la plus grande transparence, tout en respectant la nouvelle r\u00e9glementation (loi 25). \u00c0 la suite de ce processus, notre politique de confidentialit\u00e9 a \u00e9t\u00e9 am\u00e9lior\u00e9e et mise \u00e0 jour.<\/p>\n\n\n\n<p>Nous avons d\u00e9sign\u00e9 <a href=\"https:\/\/www.linkedin.com\/in\/jepaquette\/\">Jean-Fran\u00e7ois Paquette<\/a>, pr\u00e9sident de Nova DBA, comme responsable de la protection de la vie priv\u00e9e. Vous pouvez le joindre \u00e0 l&rsquo;adresse suivante : info@novadba.com La protection de la confidentialit\u00e9 et de la vie priv\u00e9e est importante pour Nova DBA. <\/p>\n\n\n\n<p>Dans cette politique de confidentialit\u00e9, Nova DBA divulgue ses pratiques relatives aux informations contenues dans son site Web, y compris le type d&rsquo;informations que Nova DBA souhaite recueillir et la mani\u00e8re dont elle les recueille.<\/p>\n\n\n\n<h4 class=\"wp-block-heading\">COLLECTE D&rsquo;INFORMATIONS ET PROTECTION DE LA VIE PRIV\u00c9E<\/h4>\n\n\n\n<p>Vous pouvez choisir de divulguer des informations personnelles \u00e0 Nova DBA dans diverses situations. Par exemple, vous pouvez d\u00e9cider de fournir \u00e0 Nova DBA des informations telles que votre nom, votre adresse et votre adresse \u00e9lectronique, qui sont importantes pour communiquer avec vous. Afin de prot\u00e9ger la vie priv\u00e9e de nos clients, toutes les informations que nous recueillons sont soumises \u00e0 des normes et proc\u00e9dures de s\u00e9curit\u00e9 strictes.<\/p>\n\n\n\n<p>Par la suite, si vous indiquez que vous ne souhaitez pas que Nova DBA utilise les informations dont nous disposons pour communiquer avec vous, Nova DBA respectera cette demande.<\/p>\n\n\n\n<h4 class=\"wp-block-heading\">UTILISATION DES INFORMATIONS<\/h4>\n\n\n\n<p>Les informations que nous recueillons sont utilis\u00e9es pour am\u00e9liorer le contenu de notre site web et peuvent \u00eatre utilis\u00e9es pour vous contacter par courriel afin de vous fournir des informations que nous jugeons int\u00e9ressantes pour vous. Les informations que vous nous fournissez ne seront jamais vendues, lou\u00e9es ou c\u00e9d\u00e9es \u00e0 des tiers.<\/p>\n\n\n\n<h4 class=\"wp-block-heading\">ACC\u00c8S AUX INFORMATIONS<\/h4>\n\n\n\n<p>Vous pouvez acc\u00e9der \u00e0 vos informations personnelles \u00e0 tout moment en nous contactant. Si vous avez des questions concernant nos politiques de protection de la vie priv\u00e9e ou nos politiques de protection des informations, n&rsquo;h\u00e9sitez pas \u00e0 nous contacter.<\/p>\n\n\n\n<p><\/p>\n","protected":false},"excerpt":{"rendered":"<p>Nous avons revu nos pratiques en mati\u00e8re de confidentialit\u00e9. L&rsquo;objectif ? Veiller \u00e0 ce que les renseignements personnels que nous recueillons soient trait\u00e9s avec la plus grande transparence, tout en respectant la nouvelle r\u00e9glementation (loi 25). \u00c0 la suite de ce processus, notre politique de confidentialit\u00e9 a \u00e9t\u00e9 am\u00e9lior\u00e9e et mise \u00e0 jour. Nous avons [&hellip;]<\/p>\n","protected":false},"author":8,"featured_media":0,"parent":0,"menu_order":0,"comment_status":"closed","ping_status":"closed","template":"page-templates\/page-text.php","meta":{"_acf_changed":false,"footnotes":""},"class_list":["post-1753","page","type-page","status-publish","hentry"],"acf":[],"yoast_head":"<!-- This site is optimized with the Yoast SEO Premium plugin v27.3 (Yoast SEO v27.3) - https:\/\/yoast.com\/product\/yoast-seo-premium-wordpress\/ -->\n<title>Politique de confidentialit\u00e9 \u2013 Nova DBA<\/title>\n<meta name=\"description\" content=\"Consultez la politique de confidentialit\u00e9 de Nova DBA : comment nous collectons, utilisons et prot\u00e9geons vos donn\u00e9es.\" \/>\n<meta name=\"robots\" content=\"index, follow, max-snippet:-1, max-image-preview:large, max-video-preview:-1\" \/>\n<link rel=\"canonical\" href=\"https:\/\/novadba.com\/fr\/politique-de-confidentialite\/\" \/>\n<meta property=\"og:locale\" content=\"fr_CA\" \/>\n<meta property=\"og:type\" content=\"article\" \/>\n<meta property=\"og:title\" content=\"Politique de confidentialit\u00e9\" \/>\n<meta property=\"og:description\" content=\"Consultez la politique de confidentialit\u00e9 de Nova DBA : comment nous collectons, utilisons et prot\u00e9geons vos donn\u00e9es.\" \/>\n<meta property=\"og:url\" content=\"https:\/\/novadba.com\/fr\/politique-de-confidentialite\/\" \/>\n<meta property=\"og:site_name\" content=\"Nova DBA\" \/>\n<meta property=\"article:publisher\" content=\"https:\/\/www.facebook.com\/novadba\" \/>\n<meta property=\"article:modified_time\" content=\"2025-11-16T19:20:09+00:00\" \/>\n<meta property=\"og:image\" content=\"https:\/\/novadba.com\/wp-content\/uploads\/2025\/04\/nova-dba-database-architect-on-demand-orig.jpg\" \/>\n\t<meta property=\"og:image:width\" content=\"1920\" \/>\n\t<meta property=\"og:image:height\" content=\"1080\" \/>\n\t<meta property=\"og:image:type\" content=\"image\/jpeg\" \/>\n<meta name=\"twitter:card\" content=\"summary_large_image\" \/>\n<meta name=\"twitter:label1\" content=\"Estimation du temps de lecture\" \/>\n\t<meta name=\"twitter:data1\" content=\"2 minutes\" \/>\n<script type=\"application\/ld+json\" class=\"yoast-schema-graph\">{\"@context\":\"https:\\\/\\\/schema.org\",\"@graph\":[{\"@type\":\"WebPage\",\"@id\":\"https:\\\/\\\/novadba.com\\\/fr\\\/politique-de-confidentialite\\\/\",\"url\":\"https:\\\/\\\/novadba.com\\\/fr\\\/politique-de-confidentialite\\\/\",\"name\":\"Politique de confidentialit\u00e9 \u2013 Nova DBA\",\"isPartOf\":{\"@id\":\"https:\\\/\\\/novadba.com\\\/fr\\\/#website\"},\"datePublished\":\"2025-11-11T20:27:42+00:00\",\"dateModified\":\"2025-11-16T19:20:09+00:00\",\"description\":\"Consultez la politique de confidentialit\u00e9 de Nova DBA : comment nous collectons, utilisons et prot\u00e9geons vos donn\u00e9es.\",\"breadcrumb\":{\"@id\":\"https:\\\/\\\/novadba.com\\\/fr\\\/politique-de-confidentialite\\\/#breadcrumb\"},\"inLanguage\":\"fr-CA\",\"potentialAction\":[{\"@type\":\"ReadAction\",\"target\":[\"https:\\\/\\\/novadba.com\\\/fr\\\/politique-de-confidentialite\\\/\"]}]},{\"@type\":\"BreadcrumbList\",\"@id\":\"https:\\\/\\\/novadba.com\\\/fr\\\/politique-de-confidentialite\\\/#breadcrumb\",\"itemListElement\":[{\"@type\":\"ListItem\",\"position\":1,\"name\":\"Home\",\"item\":\"https:\\\/\\\/novadba.com\\\/fr\\\/\"},{\"@type\":\"ListItem\",\"position\":2,\"name\":\"Politique de confidentialit\u00e9\"}]},{\"@type\":\"WebSite\",\"@id\":\"https:\\\/\\\/novadba.com\\\/fr\\\/#website\",\"url\":\"https:\\\/\\\/novadba.com\\\/fr\\\/\",\"name\":\"Nova DBA\",\"description\":\"Services de bases de donn\u00e9es\",\"publisher\":{\"@id\":\"https:\\\/\\\/novadba.com\\\/fr\\\/#organization\"},\"potentialAction\":[{\"@type\":\"SearchAction\",\"target\":{\"@type\":\"EntryPoint\",\"urlTemplate\":\"https:\\\/\\\/novadba.com\\\/fr\\\/?s={search_term_string}\"},\"query-input\":{\"@type\":\"PropertyValueSpecification\",\"valueRequired\":true,\"valueName\":\"search_term_string\"}}],\"inLanguage\":\"fr-CA\"},{\"@type\":\"Organization\",\"@id\":\"https:\\\/\\\/novadba.com\\\/fr\\\/#organization\",\"name\":\"Nova DBA\",\"url\":\"https:\\\/\\\/novadba.com\\\/fr\\\/\",\"logo\":{\"@type\":\"ImageObject\",\"inLanguage\":\"fr-CA\",\"@id\":\"https:\\\/\\\/novadba.com\\\/fr\\\/#\\\/schema\\\/logo\\\/image\\\/\",\"url\":\"https:\\\/\\\/novadba.com\\\/wp-content\\\/uploads\\\/2025\\\/11\\\/novadba.jpg\",\"contentUrl\":\"https:\\\/\\\/novadba.com\\\/wp-content\\\/uploads\\\/2025\\\/11\\\/novadba.jpg\",\"width\":696,\"height\":696,\"caption\":\"Nova DBA\"},\"image\":{\"@id\":\"https:\\\/\\\/novadba.com\\\/fr\\\/#\\\/schema\\\/logo\\\/image\\\/\"},\"sameAs\":[\"https:\\\/\\\/www.facebook.com\\\/novadba\",\"https:\\\/\\\/www.linkedin.com\\\/company\\\/novadba\\\/\"],\"description\":\"Nova DBA helps organizations unlock the full potential of their data\u2014empowering innovation, ensuring resilience, and enabling smarter decisions.\",\"email\":\"novadba_website@novadba.com\",\"telephone\":\"1-888-511-6591\",\"legalName\":\"Nova DBA\",\"naics\":\"541511\",\"numberOfEmployees\":{\"@type\":\"QuantitativeValue\",\"minValue\":\"11\",\"maxValue\":\"50\"},\"correctionsPolicy\":\"https:\\\/\\\/novadba.com\\\/privacy-policy\\\/\",\"ethicsPolicy\":\"https:\\\/\\\/novadba.com\\\/privacy-policy\\\/\",\"diversityPolicy\":\"https:\\\/\\\/novadba.com\\\/privacy-policy\\\/\"}]}<\/script>\n<!-- \/ Yoast SEO Premium plugin. -->","yoast_head_json":{"title":"Politique de confidentialit\u00e9 \u2013 Nova DBA","description":"Consultez la politique de confidentialit\u00e9 de Nova DBA : comment nous collectons, utilisons et prot\u00e9geons vos donn\u00e9es.","robots":{"index":"index","follow":"follow","max-snippet":"max-snippet:-1","max-image-preview":"max-image-preview:large","max-video-preview":"max-video-preview:-1"},"canonical":"https:\/\/novadba.com\/fr\/politique-de-confidentialite\/","og_locale":"fr_CA","og_type":"article","og_title":"Politique de confidentialit\u00e9","og_description":"Consultez la politique de confidentialit\u00e9 de Nova DBA : comment nous collectons, utilisons et prot\u00e9geons vos donn\u00e9es.","og_url":"https:\/\/novadba.com\/fr\/politique-de-confidentialite\/","og_site_name":"Nova DBA","article_publisher":"https:\/\/www.facebook.com\/novadba","article_modified_time":"2025-11-16T19:20:09+00:00","og_image":[{"width":1920,"height":1080,"url":"https:\/\/novadba.com\/wp-content\/uploads\/2025\/04\/nova-dba-database-architect-on-demand-orig.jpg","type":"image\/jpeg"}],"twitter_card":"summary_large_image","twitter_misc":{"Estimation du temps de lecture":"2 minutes"},"schema":{"@context":"https:\/\/schema.org","@graph":[{"@type":"WebPage","@id":"https:\/\/novadba.com\/fr\/politique-de-confidentialite\/","url":"https:\/\/novadba.com\/fr\/politique-de-confidentialite\/","name":"Politique de confidentialit\u00e9 \u2013 Nova DBA","isPartOf":{"@id":"https:\/\/novadba.com\/fr\/#website"},"datePublished":"2025-11-11T20:27:42+00:00","dateModified":"2025-11-16T19:20:09+00:00","description":"Consultez la politique de confidentialit\u00e9 de Nova DBA : comment nous collectons, utilisons et prot\u00e9geons vos donn\u00e9es.","breadcrumb":{"@id":"https:\/\/novadba.com\/fr\/politique-de-confidentialite\/#breadcrumb"},"inLanguage":"fr-CA","potentialAction":[{"@type":"ReadAction","target":["https:\/\/novadba.com\/fr\/politique-de-confidentialite\/"]}]},{"@type":"BreadcrumbList","@id":"https:\/\/novadba.com\/fr\/politique-de-confidentialite\/#breadcrumb","itemListElement":[{"@type":"ListItem","position":1,"name":"Home","item":"https:\/\/novadba.com\/fr\/"},{"@type":"ListItem","position":2,"name":"Politique de confidentialit\u00e9"}]},{"@type":"WebSite","@id":"https:\/\/novadba.com\/fr\/#website","url":"https:\/\/novadba.com\/fr\/","name":"Nova DBA","description":"Services de bases de donn\u00e9es","publisher":{"@id":"https:\/\/novadba.com\/fr\/#organization"},"potentialAction":[{"@type":"SearchAction","target":{"@type":"EntryPoint","urlTemplate":"https:\/\/novadba.com\/fr\/?s={search_term_string}"},"query-input":{"@type":"PropertyValueSpecification","valueRequired":true,"valueName":"search_term_string"}}],"inLanguage":"fr-CA"},{"@type":"Organization","@id":"https:\/\/novadba.com\/fr\/#organization","name":"Nova DBA","url":"https:\/\/novadba.com\/fr\/","logo":{"@type":"ImageObject","inLanguage":"fr-CA","@id":"https:\/\/novadba.com\/fr\/#\/schema\/logo\/image\/","url":"https:\/\/novadba.com\/wp-content\/uploads\/2025\/11\/novadba.jpg","contentUrl":"https:\/\/novadba.com\/wp-content\/uploads\/2025\/11\/novadba.jpg","width":696,"height":696,"caption":"Nova DBA"},"image":{"@id":"https:\/\/novadba.com\/fr\/#\/schema\/logo\/image\/"},"sameAs":["https:\/\/www.facebook.com\/novadba","https:\/\/www.linkedin.com\/company\/novadba\/"],"description":"Nova DBA helps organizations unlock the full potential of their data\u2014empowering innovation, ensuring resilience, and enabling smarter decisions.","email":"novadba_website@novadba.com","telephone":"1-888-511-6591","legalName":"Nova DBA","naics":"541511","numberOfEmployees":{"@type":"QuantitativeValue","minValue":"11","maxValue":"50"},"correctionsPolicy":"https:\/\/novadba.com\/privacy-policy\/","ethicsPolicy":"https:\/\/novadba.com\/privacy-policy\/","diversityPolicy":"https:\/\/novadba.com\/privacy-policy\/"}]}},"_links":{"self":[{"href":"https:\/\/novadba.com\/fr\/wp-json\/wp\/v2\/pages\/1753","targetHints":{"allow":["GET"]}}],"collection":[{"href":"https:\/\/novadba.com\/fr\/wp-json\/wp\/v2\/pages"}],"about":[{"href":"https:\/\/novadba.com\/fr\/wp-json\/wp\/v2\/types\/page"}],"author":[{"embeddable":true,"href":"https:\/\/novadba.com\/fr\/wp-json\/wp\/v2\/users\/8"}],"replies":[{"embeddable":true,"href":"https:\/\/novadba.com\/fr\/wp-json\/wp\/v2\/comments?post=1753"}],"version-history":[{"count":7,"href":"https:\/\/novadba.com\/fr\/wp-json\/wp\/v2\/pages\/1753\/revisions"}],"predecessor-version":[{"id":1831,"href":"https:\/\/novadba.com\/fr\/wp-json\/wp\/v2\/pages\/1753\/revisions\/1831"}],"wp:attachment":[{"href":"https:\/\/novadba.com\/fr\/wp-json\/wp\/v2\/media?parent=1753"}],"curies":[{"name":"wp","href":"https:\/\/api.w.org\/{rel}","templated":true}]}}