{"id":846,"date":"2025-04-11T19:16:42","date_gmt":"2025-04-11T19:16:42","guid":{"rendered":"https:\/\/novadba.com\/about-nova-dba\/"},"modified":"2025-11-17T14:18:30","modified_gmt":"2025-11-17T19:18:30","slug":"a-propos-gestion-des-donnees","status":"publish","type":"page","link":"https:\/\/novadba.com\/fr\/a-propos-gestion-des-donnees\/","title":{"rendered":"\u00c0 propos de Nova DBA"},"content":{"rendered":"\n<p><\/p>\n\n\n\n<p><\/p>\n","protected":false},"excerpt":{"rendered":"","protected":false},"author":1,"featured_media":485,"parent":0,"menu_order":0,"comment_status":"closed","ping_status":"closed","template":"page-templates\/page-about.php","meta":{"_acf_changed":false,"footnotes":""},"class_list":["post-846","page","type-page","status-publish","has-post-thumbnail","hentry"],"acf":[],"yoast_head":"<!-- This site is optimized with the Yoast SEO Premium plugin v27.3 (Yoast SEO v27.3) - https:\/\/yoast.com\/product\/yoast-seo-premium-wordpress\/ -->\n<title>Partenaire en gestion des donn\u00e9es depuis 2010 \u2013 Nova DBA<\/title>\n<meta name=\"description\" content=\"Partenaire en gestion des donn\u00e9es depuis 2010, Nova DBA aide les organisations \u00e0 s\u00e9curiser et optimiser leurs environnements.\" \/>\n<meta name=\"robots\" content=\"index, follow, max-snippet:-1, max-image-preview:large, max-video-preview:-1\" \/>\n<link rel=\"canonical\" href=\"https:\/\/novadba.com\/fr\/a-propos-gestion-des-donnees\/\" \/>\n<meta property=\"og:locale\" content=\"fr_CA\" \/>\n<meta property=\"og:type\" content=\"article\" \/>\n<meta property=\"og:title\" content=\"\u00c0 propos de Nova DBA\" \/>\n<meta property=\"og:description\" content=\"Partenaire en gestion des donn\u00e9es depuis 2010, Nova DBA aide les organisations \u00e0 s\u00e9curiser et optimiser leurs environnements.\" \/>\n<meta property=\"og:url\" content=\"https:\/\/novadba.com\/fr\/a-propos-gestion-des-donnees\/\" \/>\n<meta property=\"og:site_name\" content=\"Nova DBA\" \/>\n<meta property=\"article:publisher\" content=\"https:\/\/www.facebook.com\/novadba\" \/>\n<meta property=\"article:modified_time\" content=\"2025-11-17T19:18:30+00:00\" \/>\n<meta property=\"og:image\" content=\"https:\/\/novadba.com\/wp-content\/uploads\/2025\/04\/nova-dba-about-us.jpg\" \/>\n\t<meta property=\"og:image:width\" content=\"1920\" \/>\n\t<meta property=\"og:image:height\" content=\"500\" \/>\n\t<meta property=\"og:image:type\" content=\"image\/jpeg\" \/>\n<meta name=\"twitter:card\" content=\"summary_large_image\" \/>\n<meta name=\"twitter:label1\" content=\"Estimation du temps de lecture\" \/>\n\t<meta name=\"twitter:data1\" content=\"3 minutes\" \/>\n<script type=\"application\/ld+json\" class=\"yoast-schema-graph\">{\"@context\":\"https:\\\/\\\/schema.org\",\"@graph\":[{\"@type\":\"WebPage\",\"@id\":\"https:\\\/\\\/novadba.com\\\/fr\\\/a-propos-gestion-des-donnees\\\/\",\"url\":\"https:\\\/\\\/novadba.com\\\/fr\\\/a-propos-gestion-des-donnees\\\/\",\"name\":\"Partenaire en gestion des donn\u00e9es depuis 2010 \u2013 Nova DBA\",\"isPartOf\":{\"@id\":\"https:\\\/\\\/novadba.com\\\/fr\\\/#website\"},\"primaryImageOfPage\":{\"@id\":\"https:\\\/\\\/novadba.com\\\/fr\\\/a-propos-gestion-des-donnees\\\/#primaryimage\"},\"image\":{\"@id\":\"https:\\\/\\\/novadba.com\\\/fr\\\/a-propos-gestion-des-donnees\\\/#primaryimage\"},\"thumbnailUrl\":\"https:\\\/\\\/novadba.com\\\/wp-content\\\/uploads\\\/2025\\\/04\\\/nova-dba-about-us.jpg\",\"datePublished\":\"2025-04-11T19:16:42+00:00\",\"dateModified\":\"2025-11-17T19:18:30+00:00\",\"description\":\"Partenaire en gestion des donn\u00e9es depuis 2010, Nova DBA aide les organisations \u00e0 s\u00e9curiser et optimiser leurs environnements.\",\"breadcrumb\":{\"@id\":\"https:\\\/\\\/novadba.com\\\/fr\\\/a-propos-gestion-des-donnees\\\/#breadcrumb\"},\"inLanguage\":\"fr-CA\",\"potentialAction\":[{\"@type\":\"ReadAction\",\"target\":[\"https:\\\/\\\/novadba.com\\\/fr\\\/a-propos-gestion-des-donnees\\\/\"]}]},{\"@type\":\"ImageObject\",\"inLanguage\":\"fr-CA\",\"@id\":\"https:\\\/\\\/novadba.com\\\/fr\\\/a-propos-gestion-des-donnees\\\/#primaryimage\",\"url\":\"https:\\\/\\\/novadba.com\\\/wp-content\\\/uploads\\\/2025\\\/04\\\/nova-dba-about-us.jpg\",\"contentUrl\":\"https:\\\/\\\/novadba.com\\\/wp-content\\\/uploads\\\/2025\\\/04\\\/nova-dba-about-us.jpg\",\"width\":1920,\"height\":500,\"caption\":\"donn\u00e9es\"},{\"@type\":\"BreadcrumbList\",\"@id\":\"https:\\\/\\\/novadba.com\\\/fr\\\/a-propos-gestion-des-donnees\\\/#breadcrumb\",\"itemListElement\":[{\"@type\":\"ListItem\",\"position\":1,\"name\":\"Home\",\"item\":\"https:\\\/\\\/novadba.com\\\/fr\\\/\"},{\"@type\":\"ListItem\",\"position\":2,\"name\":\"\u00c0 propos de Nova DBA\"}]},{\"@type\":\"WebSite\",\"@id\":\"https:\\\/\\\/novadba.com\\\/fr\\\/#website\",\"url\":\"https:\\\/\\\/novadba.com\\\/fr\\\/\",\"name\":\"Nova DBA\",\"description\":\"Services de bases de donn\u00e9es\",\"publisher\":{\"@id\":\"https:\\\/\\\/novadba.com\\\/fr\\\/#organization\"},\"potentialAction\":[{\"@type\":\"SearchAction\",\"target\":{\"@type\":\"EntryPoint\",\"urlTemplate\":\"https:\\\/\\\/novadba.com\\\/fr\\\/?s={search_term_string}\"},\"query-input\":{\"@type\":\"PropertyValueSpecification\",\"valueRequired\":true,\"valueName\":\"search_term_string\"}}],\"inLanguage\":\"fr-CA\"},{\"@type\":\"Organization\",\"@id\":\"https:\\\/\\\/novadba.com\\\/fr\\\/#organization\",\"name\":\"Nova DBA\",\"url\":\"https:\\\/\\\/novadba.com\\\/fr\\\/\",\"logo\":{\"@type\":\"ImageObject\",\"inLanguage\":\"fr-CA\",\"@id\":\"https:\\\/\\\/novadba.com\\\/fr\\\/#\\\/schema\\\/logo\\\/image\\\/\",\"url\":\"https:\\\/\\\/novadba.com\\\/wp-content\\\/uploads\\\/2025\\\/11\\\/novadba.jpg\",\"contentUrl\":\"https:\\\/\\\/novadba.com\\\/wp-content\\\/uploads\\\/2025\\\/11\\\/novadba.jpg\",\"width\":696,\"height\":696,\"caption\":\"Nova DBA\"},\"image\":{\"@id\":\"https:\\\/\\\/novadba.com\\\/fr\\\/#\\\/schema\\\/logo\\\/image\\\/\"},\"sameAs\":[\"https:\\\/\\\/www.facebook.com\\\/novadba\",\"https:\\\/\\\/www.linkedin.com\\\/company\\\/novadba\\\/\"],\"description\":\"Nova DBA helps organizations unlock the full potential of their data\u2014empowering innovation, ensuring resilience, and enabling smarter decisions.\",\"email\":\"novadba_website@novadba.com\",\"telephone\":\"1-888-511-6591\",\"legalName\":\"Nova DBA\",\"naics\":\"541511\",\"numberOfEmployees\":{\"@type\":\"QuantitativeValue\",\"minValue\":\"11\",\"maxValue\":\"50\"},\"correctionsPolicy\":\"https:\\\/\\\/novadba.com\\\/privacy-policy\\\/\",\"ethicsPolicy\":\"https:\\\/\\\/novadba.com\\\/privacy-policy\\\/\",\"diversityPolicy\":\"https:\\\/\\\/novadba.com\\\/privacy-policy\\\/\"}]}<\/script>\n<!-- \/ Yoast SEO Premium plugin. -->","yoast_head_json":{"title":"Partenaire en gestion des donn\u00e9es depuis 2010 \u2013 Nova DBA","description":"Partenaire en gestion des donn\u00e9es depuis 2010, Nova DBA aide les organisations \u00e0 s\u00e9curiser et optimiser leurs environnements.","robots":{"index":"index","follow":"follow","max-snippet":"max-snippet:-1","max-image-preview":"max-image-preview:large","max-video-preview":"max-video-preview:-1"},"canonical":"https:\/\/novadba.com\/fr\/a-propos-gestion-des-donnees\/","og_locale":"fr_CA","og_type":"article","og_title":"\u00c0 propos de Nova DBA","og_description":"Partenaire en gestion des donn\u00e9es depuis 2010, Nova DBA aide les organisations \u00e0 s\u00e9curiser et optimiser leurs environnements.","og_url":"https:\/\/novadba.com\/fr\/a-propos-gestion-des-donnees\/","og_site_name":"Nova DBA","article_publisher":"https:\/\/www.facebook.com\/novadba","article_modified_time":"2025-11-17T19:18:30+00:00","og_image":[{"width":1920,"height":500,"url":"https:\/\/novadba.com\/wp-content\/uploads\/2025\/04\/nova-dba-about-us.jpg","type":"image\/jpeg"}],"twitter_card":"summary_large_image","twitter_misc":{"Estimation du temps de lecture":"3 minutes"},"schema":{"@context":"https:\/\/schema.org","@graph":[{"@type":"WebPage","@id":"https:\/\/novadba.com\/fr\/a-propos-gestion-des-donnees\/","url":"https:\/\/novadba.com\/fr\/a-propos-gestion-des-donnees\/","name":"Partenaire en gestion des donn\u00e9es depuis 2010 \u2013 Nova DBA","isPartOf":{"@id":"https:\/\/novadba.com\/fr\/#website"},"primaryImageOfPage":{"@id":"https:\/\/novadba.com\/fr\/a-propos-gestion-des-donnees\/#primaryimage"},"image":{"@id":"https:\/\/novadba.com\/fr\/a-propos-gestion-des-donnees\/#primaryimage"},"thumbnailUrl":"https:\/\/novadba.com\/wp-content\/uploads\/2025\/04\/nova-dba-about-us.jpg","datePublished":"2025-04-11T19:16:42+00:00","dateModified":"2025-11-17T19:18:30+00:00","description":"Partenaire en gestion des donn\u00e9es depuis 2010, Nova DBA aide les organisations \u00e0 s\u00e9curiser et optimiser leurs environnements.","breadcrumb":{"@id":"https:\/\/novadba.com\/fr\/a-propos-gestion-des-donnees\/#breadcrumb"},"inLanguage":"fr-CA","potentialAction":[{"@type":"ReadAction","target":["https:\/\/novadba.com\/fr\/a-propos-gestion-des-donnees\/"]}]},{"@type":"ImageObject","inLanguage":"fr-CA","@id":"https:\/\/novadba.com\/fr\/a-propos-gestion-des-donnees\/#primaryimage","url":"https:\/\/novadba.com\/wp-content\/uploads\/2025\/04\/nova-dba-about-us.jpg","contentUrl":"https:\/\/novadba.com\/wp-content\/uploads\/2025\/04\/nova-dba-about-us.jpg","width":1920,"height":500,"caption":"donn\u00e9es"},{"@type":"BreadcrumbList","@id":"https:\/\/novadba.com\/fr\/a-propos-gestion-des-donnees\/#breadcrumb","itemListElement":[{"@type":"ListItem","position":1,"name":"Home","item":"https:\/\/novadba.com\/fr\/"},{"@type":"ListItem","position":2,"name":"\u00c0 propos de Nova DBA"}]},{"@type":"WebSite","@id":"https:\/\/novadba.com\/fr\/#website","url":"https:\/\/novadba.com\/fr\/","name":"Nova DBA","description":"Services de bases de donn\u00e9es","publisher":{"@id":"https:\/\/novadba.com\/fr\/#organization"},"potentialAction":[{"@type":"SearchAction","target":{"@type":"EntryPoint","urlTemplate":"https:\/\/novadba.com\/fr\/?s={search_term_string}"},"query-input":{"@type":"PropertyValueSpecification","valueRequired":true,"valueName":"search_term_string"}}],"inLanguage":"fr-CA"},{"@type":"Organization","@id":"https:\/\/novadba.com\/fr\/#organization","name":"Nova DBA","url":"https:\/\/novadba.com\/fr\/","logo":{"@type":"ImageObject","inLanguage":"fr-CA","@id":"https:\/\/novadba.com\/fr\/#\/schema\/logo\/image\/","url":"https:\/\/novadba.com\/wp-content\/uploads\/2025\/11\/novadba.jpg","contentUrl":"https:\/\/novadba.com\/wp-content\/uploads\/2025\/11\/novadba.jpg","width":696,"height":696,"caption":"Nova DBA"},"image":{"@id":"https:\/\/novadba.com\/fr\/#\/schema\/logo\/image\/"},"sameAs":["https:\/\/www.facebook.com\/novadba","https:\/\/www.linkedin.com\/company\/novadba\/"],"description":"Nova DBA helps organizations unlock the full potential of their data\u2014empowering innovation, ensuring resilience, and enabling smarter decisions.","email":"novadba_website@novadba.com","telephone":"1-888-511-6591","legalName":"Nova DBA","naics":"541511","numberOfEmployees":{"@type":"QuantitativeValue","minValue":"11","maxValue":"50"},"correctionsPolicy":"https:\/\/novadba.com\/privacy-policy\/","ethicsPolicy":"https:\/\/novadba.com\/privacy-policy\/","diversityPolicy":"https:\/\/novadba.com\/privacy-policy\/"}]}},"_links":{"self":[{"href":"https:\/\/novadba.com\/fr\/wp-json\/wp\/v2\/pages\/846","targetHints":{"allow":["GET"]}}],"collection":[{"href":"https:\/\/novadba.com\/fr\/wp-json\/wp\/v2\/pages"}],"about":[{"href":"https:\/\/novadba.com\/fr\/wp-json\/wp\/v2\/types\/page"}],"author":[{"embeddable":true,"href":"https:\/\/novadba.com\/fr\/wp-json\/wp\/v2\/users\/1"}],"replies":[{"embeddable":true,"href":"https:\/\/novadba.com\/fr\/wp-json\/wp\/v2\/comments?post=846"}],"version-history":[{"count":16,"href":"https:\/\/novadba.com\/fr\/wp-json\/wp\/v2\/pages\/846\/revisions"}],"predecessor-version":[{"id":1866,"href":"https:\/\/novadba.com\/fr\/wp-json\/wp\/v2\/pages\/846\/revisions\/1866"}],"wp:featuredmedia":[{"embeddable":true,"href":"https:\/\/novadba.com\/fr\/wp-json\/wp\/v2\/media\/485"}],"wp:attachment":[{"href":"https:\/\/novadba.com\/fr\/wp-json\/wp\/v2\/media?parent=846"}],"curies":[{"name":"wp","href":"https:\/\/api.w.org\/{rel}","templated":true}]}}