{"id":850,"date":"2025-03-06T19:28:40","date_gmt":"2025-03-06T19:28:40","guid":{"rendered":"https:\/\/novadba.com\/contact\/"},"modified":"2025-11-14T09:42:29","modified_gmt":"2025-11-14T14:42:29","slug":"nous-joindre","status":"publish","type":"page","link":"https:\/\/novadba.com\/fr\/nous-joindre\/","title":{"rendered":"Nous joindre"},"content":{"rendered":"\n<h2 class=\"wp-block-heading\">Vous avez un d\u00e9fi \u00e0 relever en mati\u00e8re de donn\u00e9es ou une grande id\u00e9e? <br>Discutons!<\/h2>\n\n\n\n<p>Nous sommes l\u00e0 pour vous aider \u00e0 prot\u00e9ger, g\u00e9rer et exploiter vos donn\u00e9es en toute confiance. Pour nous joindre :<\/p>\n\n\n\n<p><strong>T\u00e9l\u00e9phone<\/strong>:<\/p>\n\n\n\n<h3 class=\"wp-block-heading\"><a href=\"tel:+118885116591\">1-888-511-6591<\/a><a href=\"https:\/\/www.linkedin.com\/company\/novadba\/\" target=\"_blank\" rel=\"noreferrer noopener\"><\/a><\/h3>\n\n\n\n<p><strong>Adresse:&nbsp;<\/strong><br>3580 Rue Isabelle suite 202,<br>Brossard, Qu\u00e9bec <br>J4Y 2R3<br><\/p>\n","protected":false},"excerpt":{"rendered":"<p>Vous avez un d\u00e9fi \u00e0 relever en mati\u00e8re de donn\u00e9es ou une grande id\u00e9e? Discutons! Nous sommes l\u00e0 pour vous aider \u00e0 prot\u00e9ger, g\u00e9rer et exploiter vos donn\u00e9es en toute confiance. Pour nous joindre : T\u00e9l\u00e9phone: 1-888-511-6591 Adresse:&nbsp;3580 Rue Isabelle suite 202,Brossard, Qu\u00e9bec J4Y 2R3<\/p>\n","protected":false},"author":1,"featured_media":825,"parent":0,"menu_order":0,"comment_status":"closed","ping_status":"closed","template":"page-templates\/page-contact.php","meta":{"_acf_changed":false,"footnotes":""},"class_list":["post-850","page","type-page","status-publish","has-post-thumbnail","hentry"],"acf":[],"yoast_head":"<!-- This site is optimized with the Yoast SEO Premium plugin v27.3 (Yoast SEO v27.3) - https:\/\/yoast.com\/product\/yoast-seo-premium-wordpress\/ -->\n<title>Nous joindre \u2013 Nova DBA | Experts bases de donn\u00e9es au Qu\u00e9bec<\/title>\n<meta name=\"description\" content=\"Nous joindre: contactez Nova DBA pour discuter de vos d\u00e9fis en gestion de donn\u00e9es. Experts en bases de donn\u00e9es, cloud et analytique.\" \/>\n<meta name=\"robots\" content=\"index, follow, max-snippet:-1, max-image-preview:large, max-video-preview:-1\" \/>\n<link rel=\"canonical\" href=\"https:\/\/novadba.com\/fr\/nous-joindre\/\" \/>\n<meta property=\"og:locale\" content=\"fr_CA\" \/>\n<meta property=\"og:type\" content=\"article\" \/>\n<meta property=\"og:title\" content=\"Nous joindre\" \/>\n<meta property=\"og:description\" content=\"Nous joindre: contactez Nova DBA pour discuter de vos d\u00e9fis en gestion de donn\u00e9es. Experts en bases de donn\u00e9es, cloud et analytique.\" \/>\n<meta property=\"og:url\" content=\"https:\/\/novadba.com\/fr\/nous-joindre\/\" \/>\n<meta property=\"og:site_name\" content=\"Nova DBA\" \/>\n<meta property=\"article:publisher\" content=\"https:\/\/www.facebook.com\/novadba\" \/>\n<meta property=\"article:modified_time\" content=\"2025-11-14T14:42:29+00:00\" \/>\n<meta property=\"og:image\" content=\"https:\/\/novadba.com\/wp-content\/uploads\/2025\/05\/contact-us.jpg\" \/>\n\t<meta property=\"og:image:width\" content=\"1920\" \/>\n\t<meta property=\"og:image:height\" content=\"500\" \/>\n\t<meta property=\"og:image:type\" content=\"image\/jpeg\" \/>\n<meta name=\"twitter:card\" content=\"summary_large_image\" \/>\n<meta name=\"twitter:label1\" content=\"Estimation du temps de lecture\" \/>\n\t<meta name=\"twitter:data1\" content=\"1 minute\" \/>\n<script type=\"application\/ld+json\" class=\"yoast-schema-graph\">{\"@context\":\"https:\\\/\\\/schema.org\",\"@graph\":[{\"@type\":[\"WebPage\",\"ContactPage\"],\"@id\":\"https:\\\/\\\/novadba.com\\\/fr\\\/nous-joindre\\\/\",\"url\":\"https:\\\/\\\/novadba.com\\\/fr\\\/nous-joindre\\\/\",\"name\":\"Nous joindre \u2013 Nova DBA | Experts bases de donn\u00e9es au Qu\u00e9bec\",\"isPartOf\":{\"@id\":\"https:\\\/\\\/novadba.com\\\/fr\\\/#website\"},\"primaryImageOfPage\":{\"@id\":\"https:\\\/\\\/novadba.com\\\/fr\\\/nous-joindre\\\/#primaryimage\"},\"image\":{\"@id\":\"https:\\\/\\\/novadba.com\\\/fr\\\/nous-joindre\\\/#primaryimage\"},\"thumbnailUrl\":\"https:\\\/\\\/novadba.com\\\/wp-content\\\/uploads\\\/2025\\\/05\\\/contact-us.jpg\",\"datePublished\":\"2025-03-06T19:28:40+00:00\",\"dateModified\":\"2025-11-14T14:42:29+00:00\",\"description\":\"Nous joindre: contactez Nova DBA pour discuter de vos d\u00e9fis en gestion de donn\u00e9es. Experts en bases de donn\u00e9es, cloud et analytique.\",\"breadcrumb\":{\"@id\":\"https:\\\/\\\/novadba.com\\\/fr\\\/nous-joindre\\\/#breadcrumb\"},\"inLanguage\":\"fr-CA\",\"potentialAction\":[{\"@type\":\"ReadAction\",\"target\":[\"https:\\\/\\\/novadba.com\\\/fr\\\/nous-joindre\\\/\"]}]},{\"@type\":\"ImageObject\",\"inLanguage\":\"fr-CA\",\"@id\":\"https:\\\/\\\/novadba.com\\\/fr\\\/nous-joindre\\\/#primaryimage\",\"url\":\"https:\\\/\\\/novadba.com\\\/wp-content\\\/uploads\\\/2025\\\/05\\\/contact-us.jpg\",\"contentUrl\":\"https:\\\/\\\/novadba.com\\\/wp-content\\\/uploads\\\/2025\\\/05\\\/contact-us.jpg\",\"width\":1920,\"height\":500},{\"@type\":\"BreadcrumbList\",\"@id\":\"https:\\\/\\\/novadba.com\\\/fr\\\/nous-joindre\\\/#breadcrumb\",\"itemListElement\":[{\"@type\":\"ListItem\",\"position\":1,\"name\":\"Home\",\"item\":\"https:\\\/\\\/novadba.com\\\/fr\\\/\"},{\"@type\":\"ListItem\",\"position\":2,\"name\":\"Nous joindre\"}]},{\"@type\":\"WebSite\",\"@id\":\"https:\\\/\\\/novadba.com\\\/fr\\\/#website\",\"url\":\"https:\\\/\\\/novadba.com\\\/fr\\\/\",\"name\":\"Nova DBA\",\"description\":\"Services de bases de donn\u00e9es\",\"publisher\":{\"@id\":\"https:\\\/\\\/novadba.com\\\/fr\\\/#organization\"},\"potentialAction\":[{\"@type\":\"SearchAction\",\"target\":{\"@type\":\"EntryPoint\",\"urlTemplate\":\"https:\\\/\\\/novadba.com\\\/fr\\\/?s={search_term_string}\"},\"query-input\":{\"@type\":\"PropertyValueSpecification\",\"valueRequired\":true,\"valueName\":\"search_term_string\"}}],\"inLanguage\":\"fr-CA\"},{\"@type\":\"Organization\",\"@id\":\"https:\\\/\\\/novadba.com\\\/fr\\\/#organization\",\"name\":\"Nova DBA\",\"url\":\"https:\\\/\\\/novadba.com\\\/fr\\\/\",\"logo\":{\"@type\":\"ImageObject\",\"inLanguage\":\"fr-CA\",\"@id\":\"https:\\\/\\\/novadba.com\\\/fr\\\/#\\\/schema\\\/logo\\\/image\\\/\",\"url\":\"https:\\\/\\\/novadba.com\\\/wp-content\\\/uploads\\\/2025\\\/11\\\/novadba.jpg\",\"contentUrl\":\"https:\\\/\\\/novadba.com\\\/wp-content\\\/uploads\\\/2025\\\/11\\\/novadba.jpg\",\"width\":696,\"height\":696,\"caption\":\"Nova DBA\"},\"image\":{\"@id\":\"https:\\\/\\\/novadba.com\\\/fr\\\/#\\\/schema\\\/logo\\\/image\\\/\"},\"sameAs\":[\"https:\\\/\\\/www.facebook.com\\\/novadba\",\"https:\\\/\\\/www.linkedin.com\\\/company\\\/novadba\\\/\"],\"description\":\"Nova DBA helps organizations unlock the full potential of their data\u2014empowering innovation, ensuring resilience, and enabling smarter decisions.\",\"email\":\"novadba_website@novadba.com\",\"telephone\":\"1-888-511-6591\",\"legalName\":\"Nova DBA\",\"naics\":\"541511\",\"numberOfEmployees\":{\"@type\":\"QuantitativeValue\",\"minValue\":\"11\",\"maxValue\":\"50\"},\"correctionsPolicy\":\"https:\\\/\\\/novadba.com\\\/privacy-policy\\\/\",\"ethicsPolicy\":\"https:\\\/\\\/novadba.com\\\/privacy-policy\\\/\",\"diversityPolicy\":\"https:\\\/\\\/novadba.com\\\/privacy-policy\\\/\"}]}<\/script>\n<!-- \/ Yoast SEO Premium plugin. -->","yoast_head_json":{"title":"Nous joindre \u2013 Nova DBA | Experts bases de donn\u00e9es au Qu\u00e9bec","description":"Nous joindre: contactez Nova DBA pour discuter de vos d\u00e9fis en gestion de donn\u00e9es. Experts en bases de donn\u00e9es, cloud et analytique.","robots":{"index":"index","follow":"follow","max-snippet":"max-snippet:-1","max-image-preview":"max-image-preview:large","max-video-preview":"max-video-preview:-1"},"canonical":"https:\/\/novadba.com\/fr\/nous-joindre\/","og_locale":"fr_CA","og_type":"article","og_title":"Nous joindre","og_description":"Nous joindre: contactez Nova DBA pour discuter de vos d\u00e9fis en gestion de donn\u00e9es. Experts en bases de donn\u00e9es, cloud et analytique.","og_url":"https:\/\/novadba.com\/fr\/nous-joindre\/","og_site_name":"Nova DBA","article_publisher":"https:\/\/www.facebook.com\/novadba","article_modified_time":"2025-11-14T14:42:29+00:00","og_image":[{"width":1920,"height":500,"url":"https:\/\/novadba.com\/wp-content\/uploads\/2025\/05\/contact-us.jpg","type":"image\/jpeg"}],"twitter_card":"summary_large_image","twitter_misc":{"Estimation du temps de lecture":"1 minute"},"schema":{"@context":"https:\/\/schema.org","@graph":[{"@type":["WebPage","ContactPage"],"@id":"https:\/\/novadba.com\/fr\/nous-joindre\/","url":"https:\/\/novadba.com\/fr\/nous-joindre\/","name":"Nous joindre \u2013 Nova DBA | Experts bases de donn\u00e9es au Qu\u00e9bec","isPartOf":{"@id":"https:\/\/novadba.com\/fr\/#website"},"primaryImageOfPage":{"@id":"https:\/\/novadba.com\/fr\/nous-joindre\/#primaryimage"},"image":{"@id":"https:\/\/novadba.com\/fr\/nous-joindre\/#primaryimage"},"thumbnailUrl":"https:\/\/novadba.com\/wp-content\/uploads\/2025\/05\/contact-us.jpg","datePublished":"2025-03-06T19:28:40+00:00","dateModified":"2025-11-14T14:42:29+00:00","description":"Nous joindre: contactez Nova DBA pour discuter de vos d\u00e9fis en gestion de donn\u00e9es. Experts en bases de donn\u00e9es, cloud et analytique.","breadcrumb":{"@id":"https:\/\/novadba.com\/fr\/nous-joindre\/#breadcrumb"},"inLanguage":"fr-CA","potentialAction":[{"@type":"ReadAction","target":["https:\/\/novadba.com\/fr\/nous-joindre\/"]}]},{"@type":"ImageObject","inLanguage":"fr-CA","@id":"https:\/\/novadba.com\/fr\/nous-joindre\/#primaryimage","url":"https:\/\/novadba.com\/wp-content\/uploads\/2025\/05\/contact-us.jpg","contentUrl":"https:\/\/novadba.com\/wp-content\/uploads\/2025\/05\/contact-us.jpg","width":1920,"height":500},{"@type":"BreadcrumbList","@id":"https:\/\/novadba.com\/fr\/nous-joindre\/#breadcrumb","itemListElement":[{"@type":"ListItem","position":1,"name":"Home","item":"https:\/\/novadba.com\/fr\/"},{"@type":"ListItem","position":2,"name":"Nous joindre"}]},{"@type":"WebSite","@id":"https:\/\/novadba.com\/fr\/#website","url":"https:\/\/novadba.com\/fr\/","name":"Nova DBA","description":"Services de bases de donn\u00e9es","publisher":{"@id":"https:\/\/novadba.com\/fr\/#organization"},"potentialAction":[{"@type":"SearchAction","target":{"@type":"EntryPoint","urlTemplate":"https:\/\/novadba.com\/fr\/?s={search_term_string}"},"query-input":{"@type":"PropertyValueSpecification","valueRequired":true,"valueName":"search_term_string"}}],"inLanguage":"fr-CA"},{"@type":"Organization","@id":"https:\/\/novadba.com\/fr\/#organization","name":"Nova DBA","url":"https:\/\/novadba.com\/fr\/","logo":{"@type":"ImageObject","inLanguage":"fr-CA","@id":"https:\/\/novadba.com\/fr\/#\/schema\/logo\/image\/","url":"https:\/\/novadba.com\/wp-content\/uploads\/2025\/11\/novadba.jpg","contentUrl":"https:\/\/novadba.com\/wp-content\/uploads\/2025\/11\/novadba.jpg","width":696,"height":696,"caption":"Nova DBA"},"image":{"@id":"https:\/\/novadba.com\/fr\/#\/schema\/logo\/image\/"},"sameAs":["https:\/\/www.facebook.com\/novadba","https:\/\/www.linkedin.com\/company\/novadba\/"],"description":"Nova DBA helps organizations unlock the full potential of their data\u2014empowering innovation, ensuring resilience, and enabling smarter decisions.","email":"novadba_website@novadba.com","telephone":"1-888-511-6591","legalName":"Nova DBA","naics":"541511","numberOfEmployees":{"@type":"QuantitativeValue","minValue":"11","maxValue":"50"},"correctionsPolicy":"https:\/\/novadba.com\/privacy-policy\/","ethicsPolicy":"https:\/\/novadba.com\/privacy-policy\/","diversityPolicy":"https:\/\/novadba.com\/privacy-policy\/"}]}},"_links":{"self":[{"href":"https:\/\/novadba.com\/fr\/wp-json\/wp\/v2\/pages\/850","targetHints":{"allow":["GET"]}}],"collection":[{"href":"https:\/\/novadba.com\/fr\/wp-json\/wp\/v2\/pages"}],"about":[{"href":"https:\/\/novadba.com\/fr\/wp-json\/wp\/v2\/types\/page"}],"author":[{"embeddable":true,"href":"https:\/\/novadba.com\/fr\/wp-json\/wp\/v2\/users\/1"}],"replies":[{"embeddable":true,"href":"https:\/\/novadba.com\/fr\/wp-json\/wp\/v2\/comments?post=850"}],"version-history":[{"count":5,"href":"https:\/\/novadba.com\/fr\/wp-json\/wp\/v2\/pages\/850\/revisions"}],"predecessor-version":[{"id":1782,"href":"https:\/\/novadba.com\/fr\/wp-json\/wp\/v2\/pages\/850\/revisions\/1782"}],"wp:featuredmedia":[{"embeddable":true,"href":"https:\/\/novadba.com\/fr\/wp-json\/wp\/v2\/media\/825"}],"wp:attachment":[{"href":"https:\/\/novadba.com\/fr\/wp-json\/wp\/v2\/media?parent=850"}],"curies":[{"name":"wp","href":"https:\/\/api.w.org\/{rel}","templated":true}]}}